{"id":17,"date":"2025-12-20T01:15:11","date_gmt":"2025-12-20T01:15:11","guid":{"rendered":"http:\/\/wp.helvetcontrol.warman.ch\/?page_id=17"},"modified":"2025-12-27T00:50:37","modified_gmt":"2025-12-27T00:50:37","slug":"nos-prestations","status":"publish","type":"page","link":"https:\/\/wp.helvetcontrol.warman.ch\/en\/nos-prestations\/","title":{"rendered":"Nos prestations"},"content":{"rendered":"<section class=\"wp-block-group services\"><div class=\"wp-block-group__inner-container is-layout-constrained wp-block-group-is-layout-constrained\">\n<div class=\"wp-block-group wrapper\"><div class=\"wp-block-group__inner-container is-layout-constrained wp-block-group-is-layout-constrained\">\n<div class=\"wp-block-group subtitle\"><div class=\"wp-block-group__inner-container is-layout-constrained wp-block-group-is-layout-constrained\">\n<h2 class=\"wp-block-heading\">Explorez nos prestations<\/h2>\n<\/div><\/div>\n<\/div><\/div>\n\n\n\n<div class=\"wp-block-group services__list\"><div class=\"wp-block-group__inner-container is-layout-constrained wp-block-group-is-layout-constrained\">\n<div class=\"wp-block-group services__item\"><div class=\"wp-block-group__inner-container is-layout-constrained wp-block-group-is-layout-constrained\">\n<div class=\"wp-block-group services__img\"><div class=\"wp-block-group__inner-container is-layout-constrained wp-block-group-is-layout-constrained\">\n<figure class=\"wp-block-image size-large\"><img loading=\"lazy\" decoding=\"async\" width=\"1024\" height=\"682\" src=\"http:\/\/wp.helvetcontrol.warman.ch\/wp-content\/uploads\/2025\/12\/controle-final-1024x682.webp\" alt=\"\" class=\"wp-image-43\" srcset=\"https:\/\/wp.helvetcontrol.warman.ch\/wp-content\/uploads\/2025\/12\/controle-final-1024x682.webp 1024w, https:\/\/wp.helvetcontrol.warman.ch\/wp-content\/uploads\/2025\/12\/controle-final-300x200.webp 300w, https:\/\/wp.helvetcontrol.warman.ch\/wp-content\/uploads\/2025\/12\/controle-final-768x511.webp 768w, https:\/\/wp.helvetcontrol.warman.ch\/wp-content\/uploads\/2025\/12\/controle-final.webp 1280w\" sizes=\"auto, (max-width: 1024px) 100vw, 1024px\" \/><\/figure>\n<\/div><\/div>\n\n\n\n<div class=\"wp-block-group services__content\"><div class=\"wp-block-group__inner-container is-layout-constrained wp-block-group-is-layout-constrained\">\n<h3 class=\"wp-block-heading\">Contr\u00f4le final<\/h3>\n\n\n\n<p class=\"gray\">V\u00e9rification obligatoire avant la mise en service d\u2019une installation \u00e9lectrique, garantissant sa conformit\u00e9 aux normes OIBT et la s\u00e9curit\u00e9 des usagers.<\/p>\n<\/div><\/div>\n\n\n\n<div class=\"wp-block-group services__cta\"><div class=\"wp-block-group__inner-container is-layout-constrained wp-block-group-is-layout-constrained\">\n<p class=\"btn\">Sur demande<\/p>\n\n\n\n<div class=\"wp-block-buttons is-layout-flex wp-block-buttons-is-layout-flex\">\n<div class=\"wp-block-button btn invert\"><a class=\"wp-block-button__link wp-element-button\" href=\"http:\/\/wp.helvetcontrol.warman.ch\/en\/contact\/\">Commander<\/a><\/div>\n<\/div>\n<\/div><\/div>\n<\/div><\/div>\n\n\n\n<div class=\"wp-block-group services__item\"><div class=\"wp-block-group__inner-container is-layout-constrained wp-block-group-is-layout-constrained\">\n<div class=\"wp-block-group services__img\"><div class=\"wp-block-group__inner-container is-layout-constrained wp-block-group-is-layout-constrained\">\n<figure class=\"wp-block-image size-full\"><img loading=\"lazy\" decoding=\"async\" width=\"1024\" height=\"769\" src=\"http:\/\/wp.helvetcontrol.warman.ch\/wp-content\/uploads\/2025\/12\/controle-reception-thermographie.webp\" alt=\"\" class=\"wp-image-45\" srcset=\"https:\/\/wp.helvetcontrol.warman.ch\/wp-content\/uploads\/2025\/12\/controle-reception-thermographie.webp 1024w, https:\/\/wp.helvetcontrol.warman.ch\/wp-content\/uploads\/2025\/12\/controle-reception-thermographie-300x225.webp 300w, https:\/\/wp.helvetcontrol.warman.ch\/wp-content\/uploads\/2025\/12\/controle-reception-thermographie-768x577.webp 768w\" sizes=\"auto, (max-width: 1024px) 100vw, 1024px\" \/><\/figure>\n<\/div><\/div>\n\n\n\n<div class=\"wp-block-group services__content\"><div class=\"wp-block-group__inner-container is-layout-constrained wp-block-group-is-layout-constrained\">\n<h3 class=\"wp-block-heading\">Contr\u00f4le de r\u00e9ception<\/h3>\n\n\n\n<p class=\"gray\">Contr\u00f4le exig\u00e9 dans les 6 mois apr\u00e8s la reprise d\u2019une installation \u00e9lectrique r\u00e9cente. Examen visuel, mesures et rapport de s\u00e9curit\u00e9 garantissent sa conformit\u00e9.<\/p>\n<\/div><\/div>\n\n\n\n<div class=\"wp-block-group services__cta\"><div class=\"wp-block-group__inner-container is-layout-constrained wp-block-group-is-layout-constrained\">\n<p class=\"btn\">\u00c0 partir de 160 CHF<\/p>\n\n\n\n<div class=\"wp-block-buttons is-layout-flex wp-block-buttons-is-layout-flex\">\n<div class=\"wp-block-button btn invert\"><a class=\"wp-block-button__link wp-element-button\" href=\"http:\/\/wp.helvetcontrol.warman.ch\/en\/contact\/\">Commander<\/a><\/div>\n<\/div>\n<\/div><\/div>\n<\/div><\/div>\n\n\n\n<div class=\"wp-block-group services__item\"><div class=\"wp-block-group__inner-container is-layout-constrained wp-block-group-is-layout-constrained\">\n<div class=\"wp-block-group services__img\"><div class=\"wp-block-group__inner-container is-layout-constrained wp-block-group-is-layout-constrained\">\n<figure class=\"wp-block-image size-large\"><img loading=\"lazy\" decoding=\"async\" width=\"723\" height=\"1024\" src=\"http:\/\/wp.helvetcontrol.warman.ch\/wp-content\/uploads\/2025\/12\/controle-periodique-723x1024.webp\" alt=\"\" class=\"wp-image-44\" srcset=\"https:\/\/wp.helvetcontrol.warman.ch\/wp-content\/uploads\/2025\/12\/controle-periodique-723x1024.webp 723w, https:\/\/wp.helvetcontrol.warman.ch\/wp-content\/uploads\/2025\/12\/controle-periodique-212x300.webp 212w, https:\/\/wp.helvetcontrol.warman.ch\/wp-content\/uploads\/2025\/12\/controle-periodique-768x1087.webp 768w, https:\/\/wp.helvetcontrol.warman.ch\/wp-content\/uploads\/2025\/12\/controle-periodique.webp 904w\" sizes=\"auto, (max-width: 723px) 100vw, 723px\" \/><\/figure>\n<\/div><\/div>\n\n\n\n<div class=\"wp-block-group services__content\"><div class=\"wp-block-group__inner-container is-layout-constrained wp-block-group-is-layout-constrained\">\n<h3 class=\"wp-block-heading\">Contr\u00f4le p\u00e9riodique<\/h3>\n\n\n\n<p class=\"gray\">Inspection r\u00e9guli\u00e8re obligatoire selon l\u2019usage : 20 ans r\u00e9sidentiel, 10 ans bureaux, 5 ans \u00e9coles et restaurants, 1 an chantiers. S\u00e9curit\u00e9 et fiabilit\u00e9 assur\u00e9es.<\/p>\n<\/div><\/div>\n\n\n\n<div class=\"wp-block-group services__cta\"><div class=\"wp-block-group__inner-container is-layout-constrained wp-block-group-is-layout-constrained\">\n<p class=\"btn\">\u00c0 partir de 160 CHF<\/p>\n\n\n\n<div class=\"wp-block-buttons is-layout-flex wp-block-buttons-is-layout-flex\">\n<div class=\"wp-block-button btn invert\"><a class=\"wp-block-button__link wp-element-button\" href=\"http:\/\/wp.helvetcontrol.warman.ch\/en\/contact\/\">Commander<\/a><\/div>\n<\/div>\n<\/div><\/div>\n<\/div><\/div>\n\n\n\n<div class=\"wp-block-group services__item\"><div class=\"wp-block-group__inner-container is-layout-constrained wp-block-group-is-layout-constrained\">\n<div class=\"wp-block-group services__img\"><div class=\"wp-block-group__inner-container is-layout-constrained wp-block-group-is-layout-constrained\">\n<figure class=\"wp-block-image size-full\"><img loading=\"lazy\" decoding=\"async\" width=\"769\" height=\"1024\" src=\"http:\/\/wp.helvetcontrol.warman.ch\/wp-content\/uploads\/2025\/12\/analyse-qualite-reseau.webp\" alt=\"\" class=\"wp-image-40\" srcset=\"https:\/\/wp.helvetcontrol.warman.ch\/wp-content\/uploads\/2025\/12\/analyse-qualite-reseau.webp 769w, https:\/\/wp.helvetcontrol.warman.ch\/wp-content\/uploads\/2025\/12\/analyse-qualite-reseau-225x300.webp 225w\" sizes=\"auto, (max-width: 769px) 100vw, 769px\" \/><\/figure>\n<\/div><\/div>\n\n\n\n<div class=\"wp-block-group services__content\"><div class=\"wp-block-group__inner-container is-layout-constrained wp-block-group-is-layout-constrained\">\n<h3 class=\"wp-block-heading\">Analyse qualit\u00e9 du r\u00e9seau<\/h3>\n\n\n\n<p class=\"gray\">Mesures et analyses pour d\u00e9tecter microcoupures, tensions instables et surconsommations. Optimisez la performance de votre r\u00e9seau avec un diagnostic fiable.<\/p>\n<\/div><\/div>\n\n\n\n<div class=\"wp-block-group services__cta\"><div class=\"wp-block-group__inner-container is-layout-constrained wp-block-group-is-layout-constrained\">\n<p class=\"btn\">Sur demande<\/p>\n\n\n\n<div class=\"wp-block-buttons is-layout-flex wp-block-buttons-is-layout-flex\">\n<div class=\"wp-block-button btn invert\"><a class=\"wp-block-button__link wp-element-button\" href=\"http:\/\/wp.helvetcontrol.warman.ch\/en\/contact\/\">Commander<\/a><\/div>\n<\/div>\n<\/div><\/div>\n<\/div><\/div>\n\n\n\n<div class=\"wp-block-group services__item\"><div class=\"wp-block-group__inner-container is-layout-constrained wp-block-group-is-layout-constrained\">\n<div class=\"wp-block-group services__img\"><div class=\"wp-block-group__inner-container is-layout-constrained wp-block-group-is-layout-constrained\">\n<figure class=\"wp-block-image size-full\"><img loading=\"lazy\" decoding=\"async\" width=\"1024\" height=\"769\" src=\"http:\/\/wp.helvetcontrol.warman.ch\/wp-content\/uploads\/2025\/12\/controle-reception-thermographie.webp\" alt=\"\" class=\"wp-image-45\" srcset=\"https:\/\/wp.helvetcontrol.warman.ch\/wp-content\/uploads\/2025\/12\/controle-reception-thermographie.webp 1024w, https:\/\/wp.helvetcontrol.warman.ch\/wp-content\/uploads\/2025\/12\/controle-reception-thermographie-300x225.webp 300w, https:\/\/wp.helvetcontrol.warman.ch\/wp-content\/uploads\/2025\/12\/controle-reception-thermographie-768x577.webp 768w\" sizes=\"auto, (max-width: 1024px) 100vw, 1024px\" \/><\/figure>\n<\/div><\/div>\n\n\n\n<div class=\"wp-block-group services__content\"><div class=\"wp-block-group__inner-container is-layout-constrained wp-block-group-is-layout-constrained\">\n<h3 class=\"wp-block-heading\">Thermographie \u00e9lectrique<\/h3>\n\n\n\n<p class=\"gray\">Inspection par cam\u00e9ra infrarouge permettant de rep\u00e9rer \u00e9chauffements et anomalies. Anticipez pannes, \u00e9vitez incendies et am\u00e9liorez la fiabilit\u00e9 de vos installations.<\/p>\n<\/div><\/div>\n\n\n\n<div class=\"wp-block-group services__cta\"><div class=\"wp-block-group__inner-container is-layout-constrained wp-block-group-is-layout-constrained\">\n<p class=\"btn\">Sur demande<\/p>\n\n\n\n<div class=\"wp-block-buttons is-layout-flex wp-block-buttons-is-layout-flex\">\n<div class=\"wp-block-button btn invert\"><a class=\"wp-block-button__link wp-element-button\" href=\"http:\/\/wp.helvetcontrol.warman.ch\/en\/contact\/\">Commander<\/a><\/div>\n<\/div>\n<\/div><\/div>\n<\/div><\/div>\n\n\n\n<div class=\"wp-block-group services__item\"><div class=\"wp-block-group__inner-container is-layout-constrained wp-block-group-is-layout-constrained\">\n<div class=\"wp-block-group services__img\"><div class=\"wp-block-group__inner-container is-layout-constrained wp-block-group-is-layout-constrained\">\n<figure class=\"wp-block-image size-large\"><img loading=\"lazy\" decoding=\"async\" width=\"1024\" height=\"768\" src=\"http:\/\/wp.helvetcontrol.warman.ch\/wp-content\/uploads\/2025\/12\/certification-pronovo-1024x768.webp\" alt=\"\" class=\"wp-image-41\" srcset=\"https:\/\/wp.helvetcontrol.warman.ch\/wp-content\/uploads\/2025\/12\/certification-pronovo-1024x768.webp 1024w, https:\/\/wp.helvetcontrol.warman.ch\/wp-content\/uploads\/2025\/12\/certification-pronovo-300x225.webp 300w, https:\/\/wp.helvetcontrol.warman.ch\/wp-content\/uploads\/2025\/12\/certification-pronovo-768x576.webp 768w, https:\/\/wp.helvetcontrol.warman.ch\/wp-content\/uploads\/2025\/12\/certification-pronovo.webp 1280w\" sizes=\"auto, (max-width: 1024px) 100vw, 1024px\" \/><\/figure>\n<\/div><\/div>\n\n\n\n<div class=\"wp-block-group services__content\"><div class=\"wp-block-group__inner-container is-layout-constrained wp-block-group-is-layout-constrained\">\n<h3 class=\"wp-block-heading\">Certification Pronovo<\/h3>\n\n\n\n<p class=\"gray\">Obtenez la certification Pronovo pour vos installations photovolta\u00efques et acc\u00e9dez aux subventions. Nous assurons conformit\u00e9 technique et suivi administratif.<\/p>\n<\/div><\/div>\n\n\n\n<div class=\"wp-block-group services__cta\"><div class=\"wp-block-group__inner-container is-layout-constrained wp-block-group-is-layout-constrained\">\n<p class=\"btn\">Sur demande<\/p>\n\n\n\n<div class=\"wp-block-buttons is-layout-flex wp-block-buttons-is-layout-flex\">\n<div class=\"wp-block-button btn invert\"><a class=\"wp-block-button__link wp-element-button\" href=\"http:\/\/wp.helvetcontrol.warman.ch\/en\/contact\/\">Commander<\/a><\/div>\n<\/div>\n<\/div><\/div>\n<\/div><\/div>\n\n\n\n<div class=\"wp-block-group services__item\"><div class=\"wp-block-group__inner-container is-layout-constrained wp-block-group-is-layout-constrained\">\n<div class=\"wp-block-group services__img\"><div class=\"wp-block-group__inner-container is-layout-constrained wp-block-group-is-layout-constrained\">\n<figure class=\"wp-block-image size-full\"><img loading=\"lazy\" decoding=\"async\" width=\"1024\" height=\"769\" src=\"http:\/\/wp.helvetcontrol.warman.ch\/wp-content\/uploads\/2025\/12\/controle-reception-thermographie.webp\" alt=\"\" class=\"wp-image-45\" srcset=\"https:\/\/wp.helvetcontrol.warman.ch\/wp-content\/uploads\/2025\/12\/controle-reception-thermographie.webp 1024w, https:\/\/wp.helvetcontrol.warman.ch\/wp-content\/uploads\/2025\/12\/controle-reception-thermographie-300x225.webp 300w, https:\/\/wp.helvetcontrol.warman.ch\/wp-content\/uploads\/2025\/12\/controle-reception-thermographie-768x577.webp 768w\" sizes=\"auto, (max-width: 1024px) 100vw, 1024px\" \/><\/figure>\n<\/div><\/div>\n\n\n\n<div class=\"wp-block-group services__content\"><div class=\"wp-block-group__inner-container is-layout-constrained wp-block-group-is-layout-constrained\">\n<h3 class=\"wp-block-heading\">Inspection solaire par thermographie<\/h3>\n\n\n\n<p class=\"gray\">Analyse par cam\u00e9ra infrarouge effectu\u00e9e par notre organe OIBT certifi\u00e9. Localisez anomalies solaires, assurez s\u00e9curit\u00e9 maximale et conformit\u00e9 r\u00e9glementaire de vos installations.<\/p>\n<\/div><\/div>\n\n\n\n<div class=\"wp-block-group services__cta\"><div class=\"wp-block-group__inner-container is-layout-constrained wp-block-group-is-layout-constrained\">\n<p class=\"btn\">Sur demande<\/p>\n\n\n\n<div class=\"wp-block-buttons is-layout-flex wp-block-buttons-is-layout-flex\">\n<div class=\"wp-block-button btn invert\"><a class=\"wp-block-button__link wp-element-button\" href=\"http:\/\/wp.helvetcontrol.warman.ch\/en\/contact\/\">Commander<\/a><\/div>\n<\/div>\n<\/div><\/div>\n<\/div><\/div>\n<\/div><\/div>\n<\/div><\/section>","protected":false},"excerpt":{"rendered":"<p>Explorez nos prestations Contr\u00f4le final V\u00e9rification obligatoire avant la mise en service d\u2019une installation \u00e9lectrique, garantissant sa conformit\u00e9 aux normes OIBT et la s\u00e9curit\u00e9 des usagers. Sur demande Contr\u00f4le de r\u00e9ception Contr\u00f4le exig\u00e9 dans les 6 mois apr\u00e8s la reprise d\u2019une installation \u00e9lectrique r\u00e9cente. Examen visuel, mesures et rapport de s\u00e9curit\u00e9 garantissent sa conformit\u00e9. \u00c0 [&hellip;]<\/p>","protected":false},"author":1,"featured_media":0,"parent":0,"menu_order":0,"comment_status":"closed","ping_status":"closed","template":"","meta":{"footnotes":""},"class_list":["post-17","page","type-page","status-publish","hentry"],"_links":{"self":[{"href":"https:\/\/wp.helvetcontrol.warman.ch\/en\/wp-json\/wp\/v2\/pages\/17","targetHints":{"allow":["GET"]}}],"collection":[{"href":"https:\/\/wp.helvetcontrol.warman.ch\/en\/wp-json\/wp\/v2\/pages"}],"about":[{"href":"https:\/\/wp.helvetcontrol.warman.ch\/en\/wp-json\/wp\/v2\/types\/page"}],"author":[{"embeddable":true,"href":"https:\/\/wp.helvetcontrol.warman.ch\/en\/wp-json\/wp\/v2\/users\/1"}],"replies":[{"embeddable":true,"href":"https:\/\/wp.helvetcontrol.warman.ch\/en\/wp-json\/wp\/v2\/comments?post=17"}],"version-history":[{"count":3,"href":"https:\/\/wp.helvetcontrol.warman.ch\/en\/wp-json\/wp\/v2\/pages\/17\/revisions"}],"predecessor-version":[{"id":94,"href":"https:\/\/wp.helvetcontrol.warman.ch\/en\/wp-json\/wp\/v2\/pages\/17\/revisions\/94"}],"wp:attachment":[{"href":"https:\/\/wp.helvetcontrol.warman.ch\/en\/wp-json\/wp\/v2\/media?parent=17"}],"curies":[{"name":"wp","href":"https:\/\/api.w.org\/{rel}","templated":true}]}}