{"id":15,"date":"2025-12-20T01:15:03","date_gmt":"2025-12-20T01:15:03","guid":{"rendered":"http:\/\/wp.helvetcontrol.warman.ch\/?page_id=15"},"modified":"2025-12-27T00:50:22","modified_gmt":"2025-12-27T00:50:22","slug":"equipe","status":"publish","type":"page","link":"http:\/\/wp.helvetcontrol.warman.ch\/en\/equipe\/","title":{"rendered":"L&rsquo;\u00e9quipe"},"content":{"rendered":"<section class=\"wp-block-group team\"><div class=\"wp-block-group__inner-container is-layout-constrained wp-block-group-is-layout-constrained\">\n<div class=\"wp-block-group wrapper\"><div class=\"wp-block-group__inner-container is-layout-constrained wp-block-group-is-layout-constrained\">\n<div class=\"wp-block-group subtitle\"><div class=\"wp-block-group__inner-container is-layout-constrained wp-block-group-is-layout-constrained\">\n<h2 class=\"wp-block-heading\">L\u2019humain au c\u0153ur du contr\u00f4le<\/h2>\n\n\n\n<p class=\"gray\">[D\u00e9couvrez les membres de notre \u00e9quipe]<\/p>\n<\/div><\/div>\n<\/div><\/div>\n\n\n\n<div class=\"wp-block-group team__list\"><div class=\"wp-block-group__inner-container is-layout-constrained wp-block-group-is-layout-constrained\">\n<div class=\"wp-block-group team__item\"><div class=\"wp-block-group__inner-container is-layout-constrained wp-block-group-is-layout-constrained\">\n<figure class=\"wp-block-image size-full\"><img loading=\"lazy\" decoding=\"async\" width=\"400\" height=\"400\" src=\"http:\/\/wp.helvetcontrol.warman.ch\/wp-content\/uploads\/2025\/12\/robiel-ghebreegziabiheir.webp\" alt=\"\" class=\"wp-image-60\" srcset=\"http:\/\/wp.helvetcontrol.warman.ch\/wp-content\/uploads\/2025\/12\/robiel-ghebreegziabiheir.webp 400w, http:\/\/wp.helvetcontrol.warman.ch\/wp-content\/uploads\/2025\/12\/robiel-ghebreegziabiheir-300x300.webp 300w, http:\/\/wp.helvetcontrol.warman.ch\/wp-content\/uploads\/2025\/12\/robiel-ghebreegziabiheir-150x150.webp 150w\" sizes=\"auto, (max-width: 400px) 100vw, 400px\" \/><\/figure>\n\n\n\n<div class=\"wp-block-group team__person\"><div class=\"wp-block-group__inner-container is-layout-constrained wp-block-group-is-layout-constrained\">\n<h3 class=\"wp-block-heading\">Robiel Ghebreegziabiheir<\/h3>\n\n\n\n<p class=\"gray\">Fondateur<\/p>\n\n\n\n<div class=\"wp-block-buttons is-layout-flex wp-block-buttons-is-layout-flex\">\n<div class=\"wp-block-button btn invert\"><a class=\"wp-block-button__link wp-element-button\" href=\"https:\/\/www.linkedin.com\/in\/robiel-g-373157174\/\" target=\"_blank\" rel=\"noreferrer noopener\">LinkedIn<\/a><\/div>\n<\/div>\n<\/div><\/div>\n<\/div><\/div>\n\n\n\n<div class=\"wp-block-group delimitation-block mobile-only\"><div class=\"wp-block-group__inner-container is-layout-constrained wp-block-group-is-layout-constrained\"><\/div><\/div>\n\n\n\n<div class=\"wp-block-group team__item\"><div class=\"wp-block-group__inner-container is-layout-constrained wp-block-group-is-layout-constrained\">\n<figure class=\"wp-block-image size-full\"><img loading=\"lazy\" decoding=\"async\" width=\"400\" height=\"400\" src=\"http:\/\/wp.helvetcontrol.warman.ch\/wp-content\/uploads\/2025\/12\/ridha-duc.webp\" alt=\"\" class=\"wp-image-59\" srcset=\"http:\/\/wp.helvetcontrol.warman.ch\/wp-content\/uploads\/2025\/12\/ridha-duc.webp 400w, http:\/\/wp.helvetcontrol.warman.ch\/wp-content\/uploads\/2025\/12\/ridha-duc-300x300.webp 300w, http:\/\/wp.helvetcontrol.warman.ch\/wp-content\/uploads\/2025\/12\/ridha-duc-150x150.webp 150w\" sizes=\"auto, (max-width: 400px) 100vw, 400px\" \/><\/figure>\n\n\n\n<div class=\"wp-block-group team__person\"><div class=\"wp-block-group__inner-container is-layout-constrained wp-block-group-is-layout-constrained\">\n<h3 class=\"wp-block-heading\">Ridha Duc<\/h3>\n\n\n\n<p class=\"gray\">Fondateur<\/p>\n\n\n\n<div class=\"wp-block-buttons is-layout-flex wp-block-buttons-is-layout-flex\">\n<div class=\"wp-block-button btn invert\"><a class=\"wp-block-button__link wp-element-button\" href=\"https:\/\/www.linkedin.com\/in\/ridha-duc-2565961b5\/\" target=\"_blank\" rel=\"noreferrer noopener\">LinkedIn<\/a><\/div>\n<\/div>\n<\/div><\/div>\n<\/div><\/div>\n<\/div><\/div>\n<\/div><\/section>","protected":false},"excerpt":{"rendered":"<p>L\u2019humain au c\u0153ur du contr\u00f4le [D\u00e9couvrez les membres de notre \u00e9quipe] Robiel Ghebreegziabiheir Fondateur Ridha Duc Fondateur<\/p>","protected":false},"author":1,"featured_media":0,"parent":0,"menu_order":0,"comment_status":"closed","ping_status":"closed","template":"","meta":{"footnotes":""},"class_list":["post-15","page","type-page","status-publish","hentry"],"_links":{"self":[{"href":"http:\/\/wp.helvetcontrol.warman.ch\/en\/wp-json\/wp\/v2\/pages\/15","targetHints":{"allow":["GET"]}}],"collection":[{"href":"http:\/\/wp.helvetcontrol.warman.ch\/en\/wp-json\/wp\/v2\/pages"}],"about":[{"href":"http:\/\/wp.helvetcontrol.warman.ch\/en\/wp-json\/wp\/v2\/types\/page"}],"author":[{"embeddable":true,"href":"http:\/\/wp.helvetcontrol.warman.ch\/en\/wp-json\/wp\/v2\/users\/1"}],"replies":[{"embeddable":true,"href":"http:\/\/wp.helvetcontrol.warman.ch\/en\/wp-json\/wp\/v2\/comments?post=15"}],"version-history":[{"count":2,"href":"http:\/\/wp.helvetcontrol.warman.ch\/en\/wp-json\/wp\/v2\/pages\/15\/revisions"}],"predecessor-version":[{"id":90,"href":"http:\/\/wp.helvetcontrol.warman.ch\/en\/wp-json\/wp\/v2\/pages\/15\/revisions\/90"}],"wp:attachment":[{"href":"http:\/\/wp.helvetcontrol.warman.ch\/en\/wp-json\/wp\/v2\/media?parent=15"}],"curies":[{"name":"wp","href":"https:\/\/api.w.org\/{rel}","templated":true}]}}