{"id":13,"date":"2025-12-20T01:14:50","date_gmt":"2025-12-20T01:14:50","guid":{"rendered":"http:\/\/wp.helvetcontrol.warman.ch\/?page_id=13"},"modified":"2025-12-27T00:50:06","modified_gmt":"2025-12-27T00:50:06","slug":"a-propos","status":"publish","type":"page","link":"http:\/\/wp.helvetcontrol.warman.ch\/en\/a-propos\/","title":{"rendered":"\u00c0 propos"},"content":{"rendered":"<section class=\"wp-block-group about\"><div class=\"wp-block-group__inner-container is-layout-constrained wp-block-group-is-layout-constrained\">\n<div class=\"wp-block-group wrapper\"><div class=\"wp-block-group__inner-container is-layout-constrained wp-block-group-is-layout-constrained\">\n<div class=\"wp-block-group subtitle\"><div class=\"wp-block-group__inner-container is-layout-constrained wp-block-group-is-layout-constrained\">\n<h2 class=\"wp-block-heading\">En savoir plus \u00e0 propos de nous<\/h2>\n<\/div><\/div>\n<\/div><\/div>\n\n\n\n<div class=\"wp-block-group about__list\"><div class=\"wp-block-group__inner-container is-layout-constrained wp-block-group-is-layout-constrained\">\n<div class=\"wp-block-group about__item\"><div class=\"wp-block-group__inner-container is-layout-constrained wp-block-group-is-layout-constrained\">\n<div class=\"wp-block-group about__content\"><div class=\"wp-block-group__inner-container is-layout-constrained wp-block-group-is-layout-constrained\">\n<h2 class=\"wp-block-heading\">Qui sommes-nous ?<\/h2>\n\n\n\n<p>Helvetcontrol SA, c\u2019est avant tout une \u00e9quipe passionn\u00e9e, anim\u00e9e par l\u2019envie de faire la diff\u00e9rence dans le domaine \u00e9lectrique. Forts de plus de 13 ans d\u2019exp\u00e9rience combin\u00e9e, nous avons b\u00e2ti notre entreprise sur trois piliers essentiels : l\u2019humain, la personnalisation et l\u2019efficacit\u00e9. Nous croyons qu\u2019un contr\u00f4le ne doit pas \u00eatre une simple formalit\u00e9, mais un service de confiance qui contribue \u00e0 la s\u00e9curit\u00e9 et \u00e0 la s\u00e9r\u00e9nit\u00e9 de chacun de nos clients.<\/p>\n<\/div><\/div>\n\n\n\n<div class=\"wp-block-group about__img\"><div class=\"wp-block-group__inner-container is-layout-constrained wp-block-group-is-layout-constrained\">\n<figure class=\"wp-block-image size-large\"><img loading=\"lazy\" decoding=\"async\" width=\"1024\" height=\"576\" src=\"http:\/\/wp.helvetcontrol.warman.ch\/wp-content\/uploads\/2025\/12\/helvetcontrolsa-img-1024x576.webp\" alt=\"\" class=\"wp-image-47\" srcset=\"http:\/\/wp.helvetcontrol.warman.ch\/wp-content\/uploads\/2025\/12\/helvetcontrolsa-img-1024x576.webp 1024w, http:\/\/wp.helvetcontrol.warman.ch\/wp-content\/uploads\/2025\/12\/helvetcontrolsa-img-300x169.webp 300w, http:\/\/wp.helvetcontrol.warman.ch\/wp-content\/uploads\/2025\/12\/helvetcontrolsa-img-768x432.webp 768w, http:\/\/wp.helvetcontrol.warman.ch\/wp-content\/uploads\/2025\/12\/helvetcontrolsa-img-1536x864.webp 1536w, http:\/\/wp.helvetcontrol.warman.ch\/wp-content\/uploads\/2025\/12\/helvetcontrolsa-img-2048x1152.webp 2048w\" sizes=\"auto, (max-width: 1024px) 100vw, 1024px\" \/><\/figure>\n<\/div><\/div>\n<\/div><\/div>\n\n\n\n<div class=\"wp-block-group delimitation-block\"><div class=\"wp-block-group__inner-container is-layout-constrained wp-block-group-is-layout-constrained\"><\/div><\/div>\n\n\n\n<div class=\"wp-block-group about__item\"><div class=\"wp-block-group__inner-container is-layout-constrained wp-block-group-is-layout-constrained\">\n<div class=\"wp-block-group about__img\"><div class=\"wp-block-group__inner-container is-layout-constrained wp-block-group-is-layout-constrained\">\n<figure class=\"wp-block-image size-large\"><img loading=\"lazy\" decoding=\"async\" width=\"1024\" height=\"576\" src=\"http:\/\/wp.helvetcontrol.warman.ch\/wp-content\/uploads\/2025\/12\/helvetcontrolsa-img-1024x576.webp\" alt=\"\" class=\"wp-image-47\" srcset=\"http:\/\/wp.helvetcontrol.warman.ch\/wp-content\/uploads\/2025\/12\/helvetcontrolsa-img-1024x576.webp 1024w, http:\/\/wp.helvetcontrol.warman.ch\/wp-content\/uploads\/2025\/12\/helvetcontrolsa-img-300x169.webp 300w, http:\/\/wp.helvetcontrol.warman.ch\/wp-content\/uploads\/2025\/12\/helvetcontrolsa-img-768x432.webp 768w, http:\/\/wp.helvetcontrol.warman.ch\/wp-content\/uploads\/2025\/12\/helvetcontrolsa-img-1536x864.webp 1536w, http:\/\/wp.helvetcontrol.warman.ch\/wp-content\/uploads\/2025\/12\/helvetcontrolsa-img-2048x1152.webp 2048w\" sizes=\"auto, (max-width: 1024px) 100vw, 1024px\" \/><\/figure>\n<\/div><\/div>\n\n\n\n<div class=\"wp-block-group about__content\"><div class=\"wp-block-group__inner-container is-layout-constrained wp-block-group-is-layout-constrained\">\n<h2 class=\"wp-block-heading\">Notre mission<\/h2>\n\n\n\n<p>Garantir votre s\u00e9curit\u00e9 et votre tranquillit\u00e9 d\u2019esprit est notre mission. Chaque client est unique, avec des besoins sp\u00e9cifiques et des attentes particuli\u00e8res. C\u2019est pourquoi nous proposons des contr\u00f4les et expertises \u00e9lectriques sur mesure, r\u00e9alis\u00e9s avec une grande rigueur et dans des d\u00e9lais rapides. Nous nous engageons \u00e0 offrir non seulement un service technique de qualit\u00e9, mais aussi un accompagnement personnalis\u00e9 \u00e0 chaque \u00e9tape.<\/p>\n<\/div><\/div>\n<\/div><\/div>\n\n\n\n<div class=\"wp-block-group delimitation-block\"><div class=\"wp-block-group__inner-container is-layout-constrained wp-block-group-is-layout-constrained\"><\/div><\/div>\n\n\n\n<div class=\"wp-block-group about__item\"><div class=\"wp-block-group__inner-container is-layout-constrained wp-block-group-is-layout-constrained\">\n<div class=\"wp-block-group about__content\"><div class=\"wp-block-group__inner-container is-layout-constrained wp-block-group-is-layout-constrained\">\n<h2 class=\"wp-block-heading\">Expertise Avanc\u00e9e<\/h2>\n\n\n\n<p>Notre savoir-faire repose sur une \u00e9quipe de contr\u00f4leurs hautement qualifi\u00e9s, tous titulaires de brevets f\u00e9d\u00e9raux. Cette comp\u00e9tence reconnue nous permet d\u2019intervenir avec la plus grande pr\u00e9cision et de r\u00e9pondre aux exigences les plus strictes du secteur.<\/p>\n\n\n\n<p>Nous b\u00e9n\u00e9ficions \u00e9galement de l\u2019autorisation officielle de l\u2019Inspection F\u00e9d\u00e9rale ESTI, gage de s\u00e9rieux et de conformit\u00e9. Gr\u00e2ce \u00e0 cette expertise, nous garantissons des services fiables, conformes aux normes nationales et internationales en mati\u00e8re de s\u00e9curit\u00e9 \u00e9lectrique.<\/p>\n<\/div><\/div>\n\n\n\n<div class=\"wp-block-group about__img\"><div class=\"wp-block-group__inner-container is-layout-constrained wp-block-group-is-layout-constrained\">\n<figure class=\"wp-block-image size-large\"><img loading=\"lazy\" decoding=\"async\" width=\"1024\" height=\"576\" src=\"http:\/\/wp.helvetcontrol.warman.ch\/wp-content\/uploads\/2025\/12\/helvetcontrolsa-img-1024x576.webp\" alt=\"\" class=\"wp-image-47\" srcset=\"http:\/\/wp.helvetcontrol.warman.ch\/wp-content\/uploads\/2025\/12\/helvetcontrolsa-img-1024x576.webp 1024w, http:\/\/wp.helvetcontrol.warman.ch\/wp-content\/uploads\/2025\/12\/helvetcontrolsa-img-300x169.webp 300w, http:\/\/wp.helvetcontrol.warman.ch\/wp-content\/uploads\/2025\/12\/helvetcontrolsa-img-768x432.webp 768w, http:\/\/wp.helvetcontrol.warman.ch\/wp-content\/uploads\/2025\/12\/helvetcontrolsa-img-1536x864.webp 1536w, http:\/\/wp.helvetcontrol.warman.ch\/wp-content\/uploads\/2025\/12\/helvetcontrolsa-img-2048x1152.webp 2048w\" sizes=\"auto, (max-width: 1024px) 100vw, 1024px\" \/><\/figure>\n<\/div><\/div>\n<\/div><\/div>\n\n\n\n<div class=\"wp-block-group delimitation-block\"><div class=\"wp-block-group__inner-container is-layout-constrained wp-block-group-is-layout-constrained\"><\/div><\/div>\n\n\n\n<div class=\"wp-block-group about__item\"><div class=\"wp-block-group__inner-container is-layout-constrained wp-block-group-is-layout-constrained\">\n<div class=\"wp-block-group about__img\"><div class=\"wp-block-group__inner-container is-layout-constrained wp-block-group-is-layout-constrained\">\n<figure class=\"wp-block-image size-large\"><img loading=\"lazy\" decoding=\"async\" width=\"1024\" height=\"576\" src=\"http:\/\/wp.helvetcontrol.warman.ch\/wp-content\/uploads\/2025\/12\/helvetcontrolsa-img-1024x576.webp\" alt=\"\" class=\"wp-image-47\" srcset=\"http:\/\/wp.helvetcontrol.warman.ch\/wp-content\/uploads\/2025\/12\/helvetcontrolsa-img-1024x576.webp 1024w, http:\/\/wp.helvetcontrol.warman.ch\/wp-content\/uploads\/2025\/12\/helvetcontrolsa-img-300x169.webp 300w, http:\/\/wp.helvetcontrol.warman.ch\/wp-content\/uploads\/2025\/12\/helvetcontrolsa-img-768x432.webp 768w, http:\/\/wp.helvetcontrol.warman.ch\/wp-content\/uploads\/2025\/12\/helvetcontrolsa-img-1536x864.webp 1536w, http:\/\/wp.helvetcontrol.warman.ch\/wp-content\/uploads\/2025\/12\/helvetcontrolsa-img-2048x1152.webp 2048w\" sizes=\"auto, (max-width: 1024px) 100vw, 1024px\" \/><\/figure>\n<\/div><\/div>\n\n\n\n<div class=\"wp-block-group about__content\"><div class=\"wp-block-group__inner-container is-layout-constrained wp-block-group-is-layout-constrained\">\n<h2 class=\"wp-block-heading\">Pourquoi nous choisir ?<\/h2>\n\n\n\n<p>Choisir HelvetControl, c\u2019est opter pour une approche <strong>humaine et personnalis\u00e9e<\/strong> : nous prenons le temps de comprendre vos besoins et de vous proposer des solutions adapt\u00e9es, car pour nous, chaque client est bien plus qu\u2019un simple num\u00e9ro de dossier.<\/p>\n\n\n\n<p>Nous mettons \u00e9galement un point d\u2019honneur \u00e0 allier r\u00e9activit\u00e9 et qualit\u00e9. Nos contr\u00f4les sont effectu\u00e9s avec pr\u00e9cision et dans des d\u00e9lais rapides, afin de vous garantir une exp\u00e9rience fluide et efficace. Enfin, notre accompagnement humain vous assure un suivi clair, des conseils d\u2019experts et une r\u00e9elle disponibilit\u00e9, m\u00eame apr\u00e8s l\u2019intervention.<\/p>\n<\/div><\/div>\n<\/div><\/div>\n\n\n\n<div class=\"wp-block-group delimitation-block\"><div class=\"wp-block-group__inner-container is-layout-constrained wp-block-group-is-layout-constrained\"><\/div><\/div>\n\n\n\n<div class=\"wp-block-group about__item\"><div class=\"wp-block-group__inner-container is-layout-constrained wp-block-group-is-layout-constrained\">\n<div class=\"wp-block-group about__content\"><div class=\"wp-block-group__inner-container is-layout-constrained wp-block-group-is-layout-constrained\">\n<h2 class=\"wp-block-heading\">Nos services en Suisse Romande<\/h2>\n\n\n\n<p>Bas\u00e9s en Suisse Romande, nous intervenons dans toute la r\u00e9gion pour r\u00e9aliser vos contr\u00f4les OIBT et inspections \u00e9lectriques. Que vous soyez un particulier, une entreprise ou un propri\u00e9taire, nous adaptons nos prestations \u00e0 vos besoins. Notre objectif est de vous offrir un service de proximit\u00e9, r\u00e9actif et accessible.<\/p>\n\n\n\n<p>N\u2019h\u00e9sitez pas \u00e0 nous contacter gratuitement : notre \u00e9quipe est toujours disponible pour planifier votre prochain contr\u00f4le et r\u00e9pondre \u00e0 vos questions avec professionnalisme et transparence.<\/p>\n\n\n\n<div class=\"wp-block-group about__cta\"><div class=\"wp-block-group__inner-container is-layout-constrained wp-block-group-is-layout-constrained\">\n<div class=\"wp-block-buttons is-layout-flex wp-block-buttons-is-layout-flex\">\n<div class=\"wp-block-button btn\"><a class=\"wp-block-button__link wp-element-button\" href=\"http:\/\/wp.helvetcontrol.warman.ch\/en\/nos-prestations\/\">D\u00e9couvrez Nos prestations<\/a><\/div>\n\n\n\n<div class=\"wp-block-button btn invert\"><a class=\"wp-block-button__link wp-element-button\" href=\"http:\/\/wp.helvetcontrol.warman.ch\/en\/contact\/\">Contactez-nous<\/a><\/div>\n<\/div>\n<\/div><\/div>\n<\/div><\/div>\n\n\n\n<div class=\"wp-block-group about__img\"><div class=\"wp-block-group__inner-container is-layout-constrained wp-block-group-is-layout-constrained\">\n<figure class=\"wp-block-image size-large\"><img loading=\"lazy\" decoding=\"async\" width=\"1024\" height=\"576\" src=\"http:\/\/wp.helvetcontrol.warman.ch\/wp-content\/uploads\/2025\/12\/helvetcontrolsa-img-1024x576.webp\" alt=\"\" class=\"wp-image-47\" srcset=\"http:\/\/wp.helvetcontrol.warman.ch\/wp-content\/uploads\/2025\/12\/helvetcontrolsa-img-1024x576.webp 1024w, http:\/\/wp.helvetcontrol.warman.ch\/wp-content\/uploads\/2025\/12\/helvetcontrolsa-img-300x169.webp 300w, http:\/\/wp.helvetcontrol.warman.ch\/wp-content\/uploads\/2025\/12\/helvetcontrolsa-img-768x432.webp 768w, http:\/\/wp.helvetcontrol.warman.ch\/wp-content\/uploads\/2025\/12\/helvetcontrolsa-img-1536x864.webp 1536w, http:\/\/wp.helvetcontrol.warman.ch\/wp-content\/uploads\/2025\/12\/helvetcontrolsa-img-2048x1152.webp 2048w\" sizes=\"auto, (max-width: 1024px) 100vw, 1024px\" \/><\/figure>\n<\/div><\/div>\n<\/div><\/div>\n<\/div><\/div>\n<\/div><\/section>","protected":false},"excerpt":{"rendered":"<p>En savoir plus \u00e0 propos de nous Qui sommes-nous ? Helvetcontrol SA, c\u2019est avant tout une \u00e9quipe passionn\u00e9e, anim\u00e9e par l\u2019envie de faire la diff\u00e9rence dans le domaine \u00e9lectrique. Forts de plus de 13 ans d\u2019exp\u00e9rience combin\u00e9e, nous avons b\u00e2ti notre entreprise sur trois piliers essentiels : l\u2019humain, la personnalisation et l\u2019efficacit\u00e9. Nous croyons qu\u2019un [&hellip;]<\/p>","protected":false},"author":1,"featured_media":0,"parent":0,"menu_order":0,"comment_status":"closed","ping_status":"closed","template":"","meta":{"footnotes":""},"class_list":["post-13","page","type-page","status-publish","hentry"],"_links":{"self":[{"href":"http:\/\/wp.helvetcontrol.warman.ch\/en\/wp-json\/wp\/v2\/pages\/13","targetHints":{"allow":["GET"]}}],"collection":[{"href":"http:\/\/wp.helvetcontrol.warman.ch\/en\/wp-json\/wp\/v2\/pages"}],"about":[{"href":"http:\/\/wp.helvetcontrol.warman.ch\/en\/wp-json\/wp\/v2\/types\/page"}],"author":[{"embeddable":true,"href":"http:\/\/wp.helvetcontrol.warman.ch\/en\/wp-json\/wp\/v2\/users\/1"}],"replies":[{"embeddable":true,"href":"http:\/\/wp.helvetcontrol.warman.ch\/en\/wp-json\/wp\/v2\/comments?post=13"}],"version-history":[{"count":3,"href":"http:\/\/wp.helvetcontrol.warman.ch\/en\/wp-json\/wp\/v2\/pages\/13\/revisions"}],"predecessor-version":[{"id":80,"href":"http:\/\/wp.helvetcontrol.warman.ch\/en\/wp-json\/wp\/v2\/pages\/13\/revisions\/80"}],"wp:attachment":[{"href":"http:\/\/wp.helvetcontrol.warman.ch\/en\/wp-json\/wp\/v2\/media?parent=13"}],"curies":[{"name":"wp","href":"https:\/\/api.w.org\/{rel}","templated":true}]}}